{"id":362,"date":"2018-04-24T10:00:38","date_gmt":"2018-04-24T08:00:38","guid":{"rendered":"https:\/\/clubathletique-saintgirons.fr\/?page_id=362"},"modified":"2025-04-04T08:23:18","modified_gmt":"2025-04-04T06:23:18","slug":"planning-entrainements","status":"publish","type":"page","link":"https:\/\/clubathletique-saintgirons.fr\/","title":{"rendered":"Accueil"},"content":{"rendered":"<p>[et_pb_section fb_built=\u00a0\u00bb1&Prime; _builder_version=\u00a0\u00bb4.16&Prime; _module_preset=\u00a0\u00bbdefault\u00a0\u00bb background_image=\u00a0\u00bbhttps:\/\/clubathletique-saintgirons.fr\/wp-content\/uploads\/2019\/08\/piste.jpg\u00a0\u00bb global_colors_info=\u00a0\u00bb{}\u00a0\u00bb][et_pb_row _builder_version=\u00a0\u00bb4.16&Prime; _module_preset=\u00a0\u00bbdefault\u00a0\u00bb global_colors_info=\u00a0\u00bb{}\u00a0\u00bb][et_pb_column type=\u00a0\u00bb4_4&Prime; _builder_version=\u00a0\u00bb4.16&Prime; _module_preset=\u00a0\u00bbdefault\u00a0\u00bb global_colors_info=\u00a0\u00bb{}\u00a0\u00bb][et_pb_image src=\u00a0\u00bbhttps:\/\/clubathletique-saintgirons.fr\/wp-content\/uploads\/2019\/06\/logo-png.png\u00a0\u00bb title_text=\u00a0\u00bblogo png\u00a0\u00bb align=\u00a0\u00bbcenter\u00a0\u00bb _builder_version=\u00a0\u00bb4.16&Prime; _module_preset=\u00a0\u00bbdefault\u00a0\u00bb global_colors_info=\u00a0\u00bb{}\u00a0\u00bb][\/et_pb_image][\/et_pb_column][\/et_pb_row][et_pb_row _builder_version=\u00a0\u00bb4.16&Prime; _module_preset=\u00a0\u00bbdefault\u00a0\u00bb global_colors_info=\u00a0\u00bb{}\u00a0\u00bb][et_pb_column type=\u00a0\u00bb4_4&Prime; _builder_version=\u00a0\u00bb4.16&Prime; _module_preset=\u00a0\u00bbdefault\u00a0\u00bb global_colors_info=\u00a0\u00bb{}\u00a0\u00bb][et_pb_text _builder_version=\u00a0\u00bb4.16&Prime; _module_preset=\u00a0\u00bbdefault\u00a0\u00bb text_text_color=\u00a0\u00bb#000000&Prime; text_font_size=\u00a0\u00bb30px\u00a0\u00bb text_line_height=\u00a0\u00bb1.8em\u00a0\u00bb text_text_shadow_style=\u00a0\u00bbpreset1&Prime; global_colors_info=\u00a0\u00bb{}\u00a0\u00bb]<\/p>\n<p style=\"text-align: center;\">Ta performance d\u00e9pend de toi, ta place d\u00e9pend des autres &#8230;<\/p>\n<p>[\/et_pb_text][\/et_pb_column][\/et_pb_row][\/et_pb_section][et_pb_section fb_built=\u00a0\u00bb1&Prime; _builder_version=\u00a0\u00bb4.16&Prime; _module_preset=\u00a0\u00bbdefault\u00a0\u00bb global_colors_info=\u00a0\u00bb{}\u00a0\u00bb][et_pb_row _builder_version=\u00a0\u00bb4.22.1&Prime; _module_preset=\u00a0\u00bbdefault\u00a0\u00bb global_colors_info=\u00a0\u00bb{}\u00a0\u00bb][et_pb_column type=\u00a0\u00bb4_4&Prime; _builder_version=\u00a0\u00bb4.22.1&Prime; _module_preset=\u00a0\u00bbdefault\u00a0\u00bb global_colors_info=\u00a0\u00bb{}\u00a0\u00bb][et_pb_button button_url=\u00a0\u00bbhttps:\/\/clubathletique-saintgirons.fr\/wp-content\/uploads\/2024\/08\/CASG-DEMANDE_DE_LICENCE-2024-2025-2.pdf\u00a0\u00bb button_text=\u00a0\u00bbT\u00e9l\u00e9charger la fiche de la licence\u00a0\u00bb button_alignment=\u00a0\u00bbcenter\u00a0\u00bb _builder_version=\u00a0\u00bb4.27.0&Prime; _module_preset=\u00a0\u00bbdefault\u00a0\u00bb global_colors_info=\u00a0\u00bb{}\u00a0\u00bb][\/et_pb_button][et_pb_image src=\u00a0\u00bbhttps:\/\/clubathletique-saintgirons.fr\/wp-content\/uploads\/2025\/04\/Capture-decran-2025-04-04-a-08.19.39.png\u00a0\u00bb _builder_version=\u00a0\u00bb4.27.4&Prime; _module_preset=\u00a0\u00bbdefault\u00a0\u00bb title_text=\u00a0\u00bbCapture d\u2019e\u0301cran 2025-04-04 a\u0300 08.19.39&Prime; hover_enabled=\u00a0\u00bb0&Prime; sticky_enabled=\u00a0\u00bb0&Prime;][\/et_pb_image][\/et_pb_column][\/et_pb_row][et_pb_row column_structure=\u00a0\u00bb2_5,3_5&Prime; _builder_version=\u00a0\u00bb4.22.1&Prime; _module_preset=\u00a0\u00bbdefault\u00a0\u00bb global_colors_info=\u00a0\u00bb{}\u00a0\u00bb][et_pb_column type=\u00a0\u00bb2_5&Prime; _builder_version=\u00a0\u00bb4.22.1&Prime; _module_preset=\u00a0\u00bbdefault\u00a0\u00bb global_colors_info=\u00a0\u00bb{}\u00a0\u00bb][et_pb_image src=\u00a0\u00bbhttps:\/\/clubathletique-saintgirons.fr\/wp-content\/uploads\/2024\/07\/Capture-decran-2024-07-23-a-10.38.39.png\u00a0\u00bb title_text=\u00a0\u00bbCapture d\u2019e\u0301cran 2024-07-23 a\u0300 10.38.39&Prime; _builder_version=\u00a0\u00bb4.22.1&Prime; _module_preset=\u00a0\u00bbdefault\u00a0\u00bb global_colors_info=\u00a0\u00bb{}\u00a0\u00bb][\/et_pb_image][\/et_pb_column][et_pb_column type=\u00a0\u00bb3_5&Prime; _builder_version=\u00a0\u00bb4.22.1&Prime; _module_preset=\u00a0\u00bbdefault\u00a0\u00bb global_colors_info=\u00a0\u00bb{}\u00a0\u00bb][et_pb_text _builder_version=\u00a0\u00bb4.22.1&Prime; _module_preset=\u00a0\u00bbdefault\u00a0\u00bb global_colors_info=\u00a0\u00bb{}\u00a0\u00bb]<\/p>\n<h2>CHAMPION ET RECORD DE FRANCE DU TRIPLE SAUT JUNIOR<\/h2>\n<p>THOMAS MARTINEZ, ancien de Saint-Girons est devenu ce week-end \u00e0 Albi Champion de France du triple saut junior avec un bond \u00e0 15,86 m. Concours \u00e0 suspens puisqu&rsquo;il r\u00e9alise sa performance au dernier essai apr\u00e8s avoir manqu\u00e9 les deux premiers. C\u2019est aussi le record de France.<\/p>\n<p>THOMAS MARTINEZ a commenc\u00e9 \u00e0 Saint Girons \u00e0 l\u2019\u00e9cole d\u2019athl\u00e9tisme du club de 2013 \u00e0 2016 sous la direction de Nathalie Durrieu et de Guillaume Santana.<\/p>\n<p>En Benjamin, il a fait ses premi\u00e8res comp\u00e9titions entrain\u00e9es par Franck Bonzom se hissant au premier rang des benjamins des Pyr\u00e9n\u00e9es.<\/p>\n<p>Il a suivi sa famille de Bethmale \u00e0 Clermont L\u2019H\u00e9rault en 2018 et a rejoint le club local, avant de suivre son entraineur \u00e0 Martigues. Il a eu six titres en cadet tant \u00e0 la longueur qu\u2019au triple saut et a \u00e9t\u00e9 international cadet, vice-champion d\u2019Europe.<\/p>\n<p>Photo<\/p>\n<p>Thomas Martinez vice-champion d\u2019Europe cadet<\/p>\n<p>[\/et_pb_text][\/et_pb_column][\/et_pb_row][et_pb_row _builder_version=\u00a0\u00bb4.16&Prime; _module_preset=\u00a0\u00bbdefault\u00a0\u00bb global_colors_info=\u00a0\u00bb{}\u00a0\u00bb][et_pb_column type=\u00a0\u00bb4_4&Prime; _builder_version=\u00a0\u00bb4.16&Prime; _module_preset=\u00a0\u00bbdefault\u00a0\u00bb global_colors_info=\u00a0\u00bb{}\u00a0\u00bb][et_pb_text _builder_version=\u00a0\u00bb4.22.1&Prime; _module_preset=\u00a0\u00bbdefault\u00a0\u00bb global_colors_info=\u00a0\u00bb{}\u00a0\u00bb]<\/p>\n<h1>F\u00e9licitations !<\/h1>\n<p>[\/et_pb_text][et_pb_image src=\u00a0\u00bbhttps:\/\/clubathletique-saintgirons.fr\/wp-content\/uploads\/2024\/05\/Capture-decran-2024-05-06-a-12.48.57.png\u00a0\u00bb title_text=\u00a0\u00bbCapture d\u2019e\u0301cran 2024-05-06 a\u0300 12.48.57&Prime; url=\u00a0\u00bbhttps:\/\/www.ladepeche.fr\/2024\/05\/04\/un-ariegeois-est-devenu-champion-de-france-de-course-en-montagne-11930546.php#xtor=%91%91ddm-ladepeche09%93%93&Prime; url_new_window=\u00a0\u00bbon\u00a0\u00bb _builder_version=\u00a0\u00bb4.22.1&Prime; _module_preset=\u00a0\u00bbdefault\u00a0\u00bb width=\u00a0\u00bb75%\u00a0\u00bb module_alignment=\u00a0\u00bbcenter\u00a0\u00bb global_colors_info=\u00a0\u00bb{}\u00a0\u00bb][\/et_pb_image][et_pb_text _builder_version=\u00a0\u00bb4.22.1&Prime; _module_preset=\u00a0\u00bbdefault\u00a0\u00bb global_colors_info=\u00a0\u00bb{}\u00a0\u00bb]<\/p>\n<h2><strong><\/strong><\/h2>\n<h2><strong><\/strong><\/h2>\n<h2><strong>D\u00e9c\u00e8s de Michel Verges<\/strong><\/h2>\n<p><span>Licenci\u00e9 au Stadoceste Tarbais Athl\u00e9tisme, Michel Verges a entra\u00een\u00e9 de nombreux athl\u00e8tes qui ont \u00e9t\u00e9 performants. P\u00e9dagogue, particuli\u00e8rement m\u00e9ticuleux dans l\u2019analyse de la technique, tr\u00e8s proche des athl\u00e8tes qu\u2019il entrainait, Michel avait pris du recul vis-\u00e0-vis de l\u2019athl\u00e9tisme en 2020. <a href=\"http:\/\/stadotarbaisathletisme.athle.org\/asp.net\/espaces.news\/news.aspx?id=342841\" target=\"_blank\" rel=\"noopener\">lire la suite &#8230;..<\/a><\/span><\/p>\n<p>[\/et_pb_text][et_pb_image src=\u00a0\u00bbhttps:\/\/clubathletique-saintgirons.fr\/wp-content\/uploads\/2023\/08\/CASG-2023-AOUT-FORTUNAT-diffusion.jpg\u00a0\u00bb title_text=\u00a0\u00bbCASG 2023 AOUT FORTUNAT diffusion\u00a0\u00bb align=\u00a0\u00bbcenter\u00a0\u00bb _builder_version=\u00a0\u00bb4.22.1&Prime; _module_preset=\u00a0\u00bbdefault\u00a0\u00bb global_colors_info=\u00a0\u00bb{}\u00a0\u00bb][\/et_pb_image][et_pb_image src=\u00a0\u00bbhttps:\/\/clubathletique-saintgirons.fr\/wp-content\/uploads\/2023\/05\/antoine-puydebois-vice-ch-de-france-de-course-de-montagne.jpg\u00a0\u00bb title_text=\u00a0\u00bbantoine puydebois vice ch de france de course de montagne\u00a0\u00bb align=\u00a0\u00bbcenter\u00a0\u00bb _builder_version=\u00a0\u00bb4.19.4&Prime; _module_preset=\u00a0\u00bbdefault\u00a0\u00bb global_colors_info=\u00a0\u00bb{}\u00a0\u00bb][\/et_pb_image][et_pb_image src=\u00a0\u00bbhttps:\/\/clubathletique-saintgirons.fr\/wp-content\/uploads\/2022\/10\/Sans-titre-1.jpg\u00a0\u00bb title_text=\u00a0\u00bbSans titre-1&Prime; _builder_version=\u00a0\u00bb4.17.4&Prime; _module_preset=\u00a0\u00bbdefault\u00a0\u00bb global_colors_info=\u00a0\u00bb{}\u00a0\u00bb][\/et_pb_image][et_pb_image src=\u00a0\u00bbhttps:\/\/clubathletique-saintgirons.fr\/wp-content\/uploads\/2021\/12\/20211218_150930-rognee-les-4-scaled.jpg\u00a0\u00bb title_text=\u00a0\u00bb20211218_150930 rognee les 4&Prime; _builder_version=\u00a0\u00bb4.16&Prime; _module_preset=\u00a0\u00bbdefault\u00a0\u00bb global_colors_info=\u00a0\u00bb{}\u00a0\u00bb][\/et_pb_image][et_pb_text _builder_version=\u00a0\u00bb4.16&Prime; _module_preset=\u00a0\u00bbdefault\u00a0\u00bb global_colors_info=\u00a0\u00bb{}\u00a0\u00bb]<\/p>\n<p>ATHLETISME<\/p>\n<p>CROSS DE TARBES SEMEAC<\/p>\n<p>LES CADETS JUNIORS GAGNENT EN INDIVIDUEL ET PAR EQUIPE<\/p>\n<p>Tr\u00e8s belle fin d\u2019ann\u00e9e pour les cadets juniors de Saint Girons en cross qui ont fait un tir group\u00e9 au cross de Tarbes S\u00e9m\u00e9ac ce samedi avec 3 podiums individuels et une victoire par \u00e9quipe.<\/p>\n<p>Chez les CADETS, ANTOINE PUYDEBOIS, apr\u00e8s sa s\u00e9lection en \u00e9quipe d\u2019Occitanie gagne la course et son \u00e9quipier PAUL BADRE finit quatri\u00e8me.<\/p>\n<p>En JUNIORS, victoire facile de MATHIS LE PAUDER devant l\u2019autre saint gironnais, FOUSSINI OUATTARA.<\/p>\n<p>PAR EQUIPE, les 4 athl\u00e8tes du CASG gagnent le classement final devant le stade Bagn\u00e9rais et Tarbes.<\/p>\n<p>Ca va \u00eatre le repos pendant les f\u00eates de fin d\u2019ann\u00e9e avec une reprise \u00e0 Pamiers le 16 janvier pour les championnats d\u00e9partementaux, qualificatifs pour la phase r\u00e9gionale.<\/p>\n<p>&nbsp;<\/p>\n<p>Photo\u00a0: les Cadets-Juniors du CASG au cross de Tarbes S\u00e9m\u00e9ac, de gauche \u00e0 droite\u00a0: MATHIS LE PAUDER vainqueur chez les juniors, ANTOINE PUYDEBOIS vainqueur chez les cadets, FOUSSENI OUATTARA second junior et PAUL BADRE quatri\u00e8me cadet..<\/p>\n<p>[\/et_pb_text][et_pb_image src=\u00a0\u00bbhttps:\/\/clubathletique-saintgirons.fr\/wp-content\/uploads\/2021\/12\/PUYDEBOIS-ANTOINE-10-2021-2-scaled.jpg\u00a0\u00bb title_text=\u00a0\u00bbPUYDEBOIS ANTOINE\u00a0\u00bb _builder_version=\u00a0\u00bb4.16&Prime; _module_preset=\u00a0\u00bbdefault\u00a0\u00bb global_colors_info=\u00a0\u00bb{}\u00a0\u00bb][\/et_pb_image][et_pb_text _builder_version=\u00a0\u00bb4.16&Prime; _module_preset=\u00a0\u00bbdefault\u00a0\u00bb global_colors_info=\u00a0\u00bb{}\u00a0\u00bb]<\/p>\n<p>ANTOINE PUYDEBOIS SELECTIONNE EN EQUIPE D\u2019OCCITANIE DE CROSS<\/p>\n<p>Tr\u00e8s belle performance d\u2019ANTOINE PUDEBOIS du CASG aux championnats d\u2019Occitanie de Cross 2021 qui se sont d\u00e9roul\u00e9s \u00e0 Caussade le dimanche 31 octobre.<\/p>\n<p>Avec une sixi\u00e8me place il est s\u00e9lectionn\u00e9 en \u00e9quipe d\u2019Occitanie minime pour les championnats de France qui auront lieu ce dimanche 14 novembre \u00e0 Montauban.<\/p>\n<p>Sur 4250 m\u00e8tres il a pris la sixi\u00e8me place en 15 minutes et 40 secondes, soit une moyenne tr\u00e8s rapide de 3 minutes et 40 secondes aux 1.000 m\u00e8tres, \u00e0 25 secondes du premier.<\/p>\n<p>Il sera en \u00e9quipe avec des athl\u00e8tes venus de Perpignan, Saint-Gaudens, Rodez, Toulouse, Castres, Balma, Colomiers, Font-Romeu, B\u00e9ziers et Carmaux.<\/p>\n<p>Grosse performance avant le passage \u00e0 la cat\u00e9gorie des cadets.<\/p>\n<p>Tous avec ANTOINE ce dimanche 14 novembre \u00e0 10 heures 55 sur 4625 m\u00e8tres.<\/p>\n<p>[\/et_pb_text][et_pb_text _builder_version=\u00a0\u00bb4.16&Prime; _module_preset=\u00a0\u00bbdefault\u00a0\u00bb custom_padding=\u00a0\u00bb0px|||||\u00a0\u00bb global_colors_info=\u00a0\u00bb{}\u00a0\u00bb]<\/p>\n<h1 style=\"text-align: center;\">Calendrier 2021\/2022<\/h1>\n<p>[\/et_pb_text][et_pb_image src=\u00a0\u00bbhttps:\/\/clubathletique-saintgirons.fr\/wp-content\/uploads\/2021\/09\/calendier.jpg\u00a0\u00bb title_text=\u00a0\u00bbcalendrier\u00a0\u00bb align=\u00a0\u00bbcenter\u00a0\u00bb _builder_version=\u00a0\u00bb4.16&Prime; _module_preset=\u00a0\u00bbdefault\u00a0\u00bb global_colors_info=\u00a0\u00bb{}\u00a0\u00bb][\/et_pb_image][\/et_pb_column][\/et_pb_row][et_pb_row _builder_version=\u00a0\u00bb4.16&Prime; _module_preset=\u00a0\u00bbdefault\u00a0\u00bb global_colors_info=\u00a0\u00bb{}\u00a0\u00bb][et_pb_column type=\u00a0\u00bb4_4&Prime; _builder_version=\u00a0\u00bb4.16&Prime; _module_preset=\u00a0\u00bbdefault\u00a0\u00bb global_colors_info=\u00a0\u00bb{}\u00a0\u00bb][et_pb_divider _builder_version=\u00a0\u00bb4.16&Prime; _module_preset=\u00a0\u00bbdefault\u00a0\u00bb global_colors_info=\u00a0\u00bb{}\u00a0\u00bb][\/et_pb_divider][\/et_pb_column][\/et_pb_row][\/et_pb_section]<\/p>\n","protected":false},"excerpt":{"rendered":"<p>Ta performance d\u00e9pend de toi, ta place d\u00e9pend des autres &#8230;CHAMPION ET RECORD DE FRANCE DU TRIPLE SAUT JUNIOR THOMAS MARTINEZ, ancien de Saint-Girons est devenu ce week-end \u00e0 Albi Champion de France du triple saut junior avec un bond \u00e0 15,86 m. Concours \u00e0 suspens puisqu&rsquo;il r\u00e9alise sa performance au dernier essai apr\u00e8s avoir [&hellip;]<\/p>\n","protected":false},"author":1,"featured_media":0,"parent":0,"menu_order":0,"comment_status":"closed","ping_status":"closed","template":"","meta":{"_et_pb_use_builder":"on","_et_pb_old_content":"<h2>Championnats hivernaux lancers<\/h2>\n<img src=\"https:\/\/clubathletique-saintgirons.fr\/wp-content\/uploads\/2020\/01\/CALENDRIER.jpg\" alt=\"\" srcset=\"https:\/\/clubathletique-saintgirons.fr\/wp-content\/uploads\/2020\/01\/CALENDRIER.jpg 688w, https:\/\/clubathletique-saintgirons.fr\/wp-content\/uploads\/2020\/01\/CALENDRIER-300x230.jpg 300w\" sizes=\"(max-width: 688px) 100vw, 688px\" width=\"688\" height=\"528\">\n<a href=\"https:\/\/clubathletique-saintgirons.fr\/wp-content\/uploads\/2019\/09\/inscription.pdf\" target=\"_blank\" rel=\"nofollow noopener noreferrer\" role=\"button\">\nDemande de Licence\n<\/a>","_et_gb_content_width":"","footnotes":""},"class_list":["post-362","page","type-page","status-publish","hentry"],"yoast_head":"<!-- This site is optimized with the Yoast SEO plugin v26.6 - https:\/\/yoast.com\/wordpress\/plugins\/seo\/ -->\n<title>Accueil - Club Athl\u00e9tique Saint-Girons<\/title>\n<meta name=\"robots\" content=\"index, follow, max-snippet:-1, max-image-preview:large, max-video-preview:-1\" \/>\n<link rel=\"canonical\" href=\"https:\/\/clubathletique-saintgirons.fr\/\" \/>\n<meta property=\"og:locale\" content=\"fr_FR\" \/>\n<meta property=\"og:type\" content=\"article\" \/>\n<meta property=\"og:title\" content=\"Accueil - Club Athl\u00e9tique Saint-Girons\" \/>\n<meta property=\"og:description\" content=\"Ta performance d\u00e9pend de toi, ta place d\u00e9pend des autres ...CHAMPION ET RECORD DE FRANCE DU TRIPLE SAUT JUNIOR THOMAS MARTINEZ, ancien de Saint-Girons est devenu ce week-end \u00e0 Albi Champion de France du triple saut junior avec un bond \u00e0 15,86 m. Concours \u00e0 suspens puisqu&#039;il r\u00e9alise sa performance au dernier essai apr\u00e8s avoir [&hellip;]\" \/>\n<meta property=\"og:url\" content=\"https:\/\/clubathletique-saintgirons.fr\/\" \/>\n<meta property=\"og:site_name\" content=\"Club Athl\u00e9tique Saint-Girons\" \/>\n<meta property=\"article:modified_time\" content=\"2025-04-04T06:23:18+00:00\" \/>\n<meta name=\"twitter:card\" content=\"summary_large_image\" \/>\n<meta name=\"twitter:label1\" content=\"Dur\u00e9e de lecture estim\u00e9e\" \/>\n\t<meta name=\"twitter:data1\" content=\"6 minutes\" \/>\n<script type=\"application\/ld+json\" class=\"yoast-schema-graph\">{\"@context\":\"https:\/\/schema.org\",\"@graph\":[{\"@type\":\"WebPage\",\"@id\":\"https:\/\/clubathletique-saintgirons.fr\/\",\"url\":\"https:\/\/clubathletique-saintgirons.fr\/\",\"name\":\"Accueil - Club Athl\u00e9tique Saint-Girons\",\"isPartOf\":{\"@id\":\"https:\/\/clubathletique-saintgirons.fr\/#website\"},\"datePublished\":\"2018-04-24T08:00:38+00:00\",\"dateModified\":\"2025-04-04T06:23:18+00:00\",\"breadcrumb\":{\"@id\":\"https:\/\/clubathletique-saintgirons.fr\/#breadcrumb\"},\"inLanguage\":\"fr-FR\",\"potentialAction\":[{\"@type\":\"ReadAction\",\"target\":[\"https:\/\/clubathletique-saintgirons.fr\/\"]}]},{\"@type\":\"BreadcrumbList\",\"@id\":\"https:\/\/clubathletique-saintgirons.fr\/#breadcrumb\",\"itemListElement\":[{\"@type\":\"ListItem\",\"position\":1,\"name\":\"Accueil\",\"item\":\"https:\/\/clubathletique-saintgirons.fr\/\"},{\"@type\":\"ListItem\",\"position\":2,\"name\":\"Accueil\"}]},{\"@type\":\"WebSite\",\"@id\":\"https:\/\/clubathletique-saintgirons.fr\/#website\",\"url\":\"https:\/\/clubathletique-saintgirons.fr\/\",\"name\":\"Club Athl\u00e9tique Saint-Girons\",\"description\":\"Ta performance d\u00e9pend de toi, ta place d\u00e9pend des autres ...\",\"publisher\":{\"@id\":\"https:\/\/clubathletique-saintgirons.fr\/#organization\"},\"potentialAction\":[{\"@type\":\"SearchAction\",\"target\":{\"@type\":\"EntryPoint\",\"urlTemplate\":\"https:\/\/clubathletique-saintgirons.fr\/?s={search_term_string}\"},\"query-input\":{\"@type\":\"PropertyValueSpecification\",\"valueRequired\":true,\"valueName\":\"search_term_string\"}}],\"inLanguage\":\"fr-FR\"},{\"@type\":\"Organization\",\"@id\":\"https:\/\/clubathletique-saintgirons.fr\/#organization\",\"name\":\"Club athl\u00e9tisque Saint-Girons\",\"url\":\"https:\/\/clubathletique-saintgirons.fr\/\",\"logo\":{\"@type\":\"ImageObject\",\"inLanguage\":\"fr-FR\",\"@id\":\"https:\/\/clubathletique-saintgirons.fr\/#\/schema\/logo\/image\/\",\"url\":\"https:\/\/clubathletique-saintgirons.fr\/wp-content\/uploads\/2019\/06\/logo-png.png\",\"contentUrl\":\"https:\/\/clubathletique-saintgirons.fr\/wp-content\/uploads\/2019\/06\/logo-png.png\",\"width\":369,\"height\":369,\"caption\":\"Club athl\u00e9tisque Saint-Girons\"},\"image\":{\"@id\":\"https:\/\/clubathletique-saintgirons.fr\/#\/schema\/logo\/image\/\"}}]}<\/script>\n<!-- \/ Yoast SEO plugin. -->","yoast_head_json":{"title":"Accueil - Club Athl\u00e9tique Saint-Girons","robots":{"index":"index","follow":"follow","max-snippet":"max-snippet:-1","max-image-preview":"max-image-preview:large","max-video-preview":"max-video-preview:-1"},"canonical":"https:\/\/clubathletique-saintgirons.fr\/","og_locale":"fr_FR","og_type":"article","og_title":"Accueil - Club Athl\u00e9tique Saint-Girons","og_description":"Ta performance d\u00e9pend de toi, ta place d\u00e9pend des autres ...CHAMPION ET RECORD DE FRANCE DU TRIPLE SAUT JUNIOR THOMAS MARTINEZ, ancien de Saint-Girons est devenu ce week-end \u00e0 Albi Champion de France du triple saut junior avec un bond \u00e0 15,86 m. Concours \u00e0 suspens puisqu'il r\u00e9alise sa performance au dernier essai apr\u00e8s avoir [&hellip;]","og_url":"https:\/\/clubathletique-saintgirons.fr\/","og_site_name":"Club Athl\u00e9tique Saint-Girons","article_modified_time":"2025-04-04T06:23:18+00:00","twitter_card":"summary_large_image","twitter_misc":{"Dur\u00e9e de lecture estim\u00e9e":"6 minutes"},"schema":{"@context":"https:\/\/schema.org","@graph":[{"@type":"WebPage","@id":"https:\/\/clubathletique-saintgirons.fr\/","url":"https:\/\/clubathletique-saintgirons.fr\/","name":"Accueil - Club Athl\u00e9tique Saint-Girons","isPartOf":{"@id":"https:\/\/clubathletique-saintgirons.fr\/#website"},"datePublished":"2018-04-24T08:00:38+00:00","dateModified":"2025-04-04T06:23:18+00:00","breadcrumb":{"@id":"https:\/\/clubathletique-saintgirons.fr\/#breadcrumb"},"inLanguage":"fr-FR","potentialAction":[{"@type":"ReadAction","target":["https:\/\/clubathletique-saintgirons.fr\/"]}]},{"@type":"BreadcrumbList","@id":"https:\/\/clubathletique-saintgirons.fr\/#breadcrumb","itemListElement":[{"@type":"ListItem","position":1,"name":"Accueil","item":"https:\/\/clubathletique-saintgirons.fr\/"},{"@type":"ListItem","position":2,"name":"Accueil"}]},{"@type":"WebSite","@id":"https:\/\/clubathletique-saintgirons.fr\/#website","url":"https:\/\/clubathletique-saintgirons.fr\/","name":"Club Athl\u00e9tique Saint-Girons","description":"Ta performance d\u00e9pend de toi, ta place d\u00e9pend des autres ...","publisher":{"@id":"https:\/\/clubathletique-saintgirons.fr\/#organization"},"potentialAction":[{"@type":"SearchAction","target":{"@type":"EntryPoint","urlTemplate":"https:\/\/clubathletique-saintgirons.fr\/?s={search_term_string}"},"query-input":{"@type":"PropertyValueSpecification","valueRequired":true,"valueName":"search_term_string"}}],"inLanguage":"fr-FR"},{"@type":"Organization","@id":"https:\/\/clubathletique-saintgirons.fr\/#organization","name":"Club athl\u00e9tisque Saint-Girons","url":"https:\/\/clubathletique-saintgirons.fr\/","logo":{"@type":"ImageObject","inLanguage":"fr-FR","@id":"https:\/\/clubathletique-saintgirons.fr\/#\/schema\/logo\/image\/","url":"https:\/\/clubathletique-saintgirons.fr\/wp-content\/uploads\/2019\/06\/logo-png.png","contentUrl":"https:\/\/clubathletique-saintgirons.fr\/wp-content\/uploads\/2019\/06\/logo-png.png","width":369,"height":369,"caption":"Club athl\u00e9tisque Saint-Girons"},"image":{"@id":"https:\/\/clubathletique-saintgirons.fr\/#\/schema\/logo\/image\/"}}]}},"_links":{"self":[{"href":"https:\/\/clubathletique-saintgirons.fr\/index.php?rest_route=\/wp\/v2\/pages\/362","targetHints":{"allow":["GET"]}}],"collection":[{"href":"https:\/\/clubathletique-saintgirons.fr\/index.php?rest_route=\/wp\/v2\/pages"}],"about":[{"href":"https:\/\/clubathletique-saintgirons.fr\/index.php?rest_route=\/wp\/v2\/types\/page"}],"author":[{"embeddable":true,"href":"https:\/\/clubathletique-saintgirons.fr\/index.php?rest_route=\/wp\/v2\/users\/1"}],"replies":[{"embeddable":true,"href":"https:\/\/clubathletique-saintgirons.fr\/index.php?rest_route=%2Fwp%2Fv2%2Fcomments&post=362"}],"version-history":[{"count":92,"href":"https:\/\/clubathletique-saintgirons.fr\/index.php?rest_route=\/wp\/v2\/pages\/362\/revisions"}],"predecessor-version":[{"id":1081,"href":"https:\/\/clubathletique-saintgirons.fr\/index.php?rest_route=\/wp\/v2\/pages\/362\/revisions\/1081"}],"wp:attachment":[{"href":"https:\/\/clubathletique-saintgirons.fr\/index.php?rest_route=%2Fwp%2Fv2%2Fmedia&parent=362"}],"curies":[{"name":"wp","href":"https:\/\/api.w.org\/{rel}","templated":true}]}}