{"id":726,"date":"2020-07-23T14:17:14","date_gmt":"2020-07-23T12:17:14","guid":{"rendered":"https:\/\/clubathletique-saintgirons.fr\/?page_id=726"},"modified":"2020-07-23T15:23:21","modified_gmt":"2020-07-23T13:23:21","slug":"blog","status":"publish","type":"page","link":"https:\/\/clubathletique-saintgirons.fr\/?page_id=726","title":{"rendered":"Infos"},"content":{"rendered":"","protected":false},"excerpt":{"rendered":"","protected":false},"author":1,"featured_media":0,"parent":0,"menu_order":0,"comment_status":"closed","ping_status":"closed","template":"","meta":{"_et_pb_use_builder":"on","_et_pb_old_content":"","_et_gb_content_width":"","footnotes":""},"class_list":["post-726","page","type-page","status-publish","hentry"],"yoast_head":"<!-- This site is optimized with the Yoast SEO plugin v26.6 - https:\/\/yoast.com\/wordpress\/plugins\/seo\/ -->\n<title>Infos - Club Athl\u00e9tique Saint-Girons<\/title>\n<meta name=\"robots\" content=\"index, follow, max-snippet:-1, max-image-preview:large, max-video-preview:-1\" \/>\n<link rel=\"canonical\" href=\"https:\/\/clubathletique-saintgirons.fr\/?page_id=726\" \/>\n<meta property=\"og:locale\" content=\"fr_FR\" \/>\n<meta property=\"og:type\" content=\"article\" \/>\n<meta property=\"og:title\" content=\"Infos - Club Athl\u00e9tique Saint-Girons\" \/>\n<meta property=\"og:url\" content=\"https:\/\/clubathletique-saintgirons.fr\/?page_id=726\" \/>\n<meta property=\"og:site_name\" content=\"Club Athl\u00e9tique Saint-Girons\" \/>\n<meta property=\"article:modified_time\" content=\"2020-07-23T13:23:21+00:00\" \/>\n<meta name=\"twitter:card\" content=\"summary_large_image\" \/>\n<script type=\"application\/ld+json\" class=\"yoast-schema-graph\">{\"@context\":\"https:\/\/schema.org\",\"@graph\":[{\"@type\":[\"WebPage\",\"CollectionPage\"],\"@id\":\"https:\/\/clubathletique-saintgirons.fr\/?page_id=726\",\"url\":\"https:\/\/clubathletique-saintgirons.fr\/?page_id=726\",\"name\":\"Infos - Club Athl\u00e9tique Saint-Girons\",\"isPartOf\":{\"@id\":\"https:\/\/clubathletique-saintgirons.fr\/#website\"},\"datePublished\":\"2020-07-23T12:17:14+00:00\",\"dateModified\":\"2020-07-23T13:23:21+00:00\",\"breadcrumb\":{\"@id\":\"https:\/\/clubathletique-saintgirons.fr\/?page_id=726#breadcrumb\"},\"inLanguage\":\"fr-FR\"},{\"@type\":\"BreadcrumbList\",\"@id\":\"https:\/\/clubathletique-saintgirons.fr\/?page_id=726#breadcrumb\",\"itemListElement\":[{\"@type\":\"ListItem\",\"position\":1,\"name\":\"Accueil\",\"item\":\"https:\/\/clubathletique-saintgirons.fr\/\"},{\"@type\":\"ListItem\",\"position\":2,\"name\":\"Infos\"}]},{\"@type\":\"WebSite\",\"@id\":\"https:\/\/clubathletique-saintgirons.fr\/#website\",\"url\":\"https:\/\/clubathletique-saintgirons.fr\/\",\"name\":\"Club Athl\u00e9tique Saint-Girons\",\"description\":\"Ta performance d\u00e9pend de toi, ta place d\u00e9pend des autres ...\",\"publisher\":{\"@id\":\"https:\/\/clubathletique-saintgirons.fr\/#organization\"},\"potentialAction\":[{\"@type\":\"SearchAction\",\"target\":{\"@type\":\"EntryPoint\",\"urlTemplate\":\"https:\/\/clubathletique-saintgirons.fr\/?s={search_term_string}\"},\"query-input\":{\"@type\":\"PropertyValueSpecification\",\"valueRequired\":true,\"valueName\":\"search_term_string\"}}],\"inLanguage\":\"fr-FR\"},{\"@type\":\"Organization\",\"@id\":\"https:\/\/clubathletique-saintgirons.fr\/#organization\",\"name\":\"Club athl\u00e9tisque Saint-Girons\",\"url\":\"https:\/\/clubathletique-saintgirons.fr\/\",\"logo\":{\"@type\":\"ImageObject\",\"inLanguage\":\"fr-FR\",\"@id\":\"https:\/\/clubathletique-saintgirons.fr\/#\/schema\/logo\/image\/\",\"url\":\"https:\/\/clubathletique-saintgirons.fr\/wp-content\/uploads\/2019\/06\/logo-png.png\",\"contentUrl\":\"https:\/\/clubathletique-saintgirons.fr\/wp-content\/uploads\/2019\/06\/logo-png.png\",\"width\":369,\"height\":369,\"caption\":\"Club athl\u00e9tisque Saint-Girons\"},\"image\":{\"@id\":\"https:\/\/clubathletique-saintgirons.fr\/#\/schema\/logo\/image\/\"}}]}<\/script>\n<!-- \/ Yoast SEO plugin. -->","yoast_head_json":{"title":"Infos - Club Athl\u00e9tique Saint-Girons","robots":{"index":"index","follow":"follow","max-snippet":"max-snippet:-1","max-image-preview":"max-image-preview:large","max-video-preview":"max-video-preview:-1"},"canonical":"https:\/\/clubathletique-saintgirons.fr\/?page_id=726","og_locale":"fr_FR","og_type":"article","og_title":"Infos - Club Athl\u00e9tique Saint-Girons","og_url":"https:\/\/clubathletique-saintgirons.fr\/?page_id=726","og_site_name":"Club Athl\u00e9tique Saint-Girons","article_modified_time":"2020-07-23T13:23:21+00:00","twitter_card":"summary_large_image","schema":{"@context":"https:\/\/schema.org","@graph":[{"@type":["WebPage","CollectionPage"],"@id":"https:\/\/clubathletique-saintgirons.fr\/?page_id=726","url":"https:\/\/clubathletique-saintgirons.fr\/?page_id=726","name":"Infos - Club Athl\u00e9tique Saint-Girons","isPartOf":{"@id":"https:\/\/clubathletique-saintgirons.fr\/#website"},"datePublished":"2020-07-23T12:17:14+00:00","dateModified":"2020-07-23T13:23:21+00:00","breadcrumb":{"@id":"https:\/\/clubathletique-saintgirons.fr\/?page_id=726#breadcrumb"},"inLanguage":"fr-FR"},{"@type":"BreadcrumbList","@id":"https:\/\/clubathletique-saintgirons.fr\/?page_id=726#breadcrumb","itemListElement":[{"@type":"ListItem","position":1,"name":"Accueil","item":"https:\/\/clubathletique-saintgirons.fr\/"},{"@type":"ListItem","position":2,"name":"Infos"}]},{"@type":"WebSite","@id":"https:\/\/clubathletique-saintgirons.fr\/#website","url":"https:\/\/clubathletique-saintgirons.fr\/","name":"Club Athl\u00e9tique Saint-Girons","description":"Ta performance d\u00e9pend de toi, ta place d\u00e9pend des autres ...","publisher":{"@id":"https:\/\/clubathletique-saintgirons.fr\/#organization"},"potentialAction":[{"@type":"SearchAction","target":{"@type":"EntryPoint","urlTemplate":"https:\/\/clubathletique-saintgirons.fr\/?s={search_term_string}"},"query-input":{"@type":"PropertyValueSpecification","valueRequired":true,"valueName":"search_term_string"}}],"inLanguage":"fr-FR"},{"@type":"Organization","@id":"https:\/\/clubathletique-saintgirons.fr\/#organization","name":"Club athl\u00e9tisque Saint-Girons","url":"https:\/\/clubathletique-saintgirons.fr\/","logo":{"@type":"ImageObject","inLanguage":"fr-FR","@id":"https:\/\/clubathletique-saintgirons.fr\/#\/schema\/logo\/image\/","url":"https:\/\/clubathletique-saintgirons.fr\/wp-content\/uploads\/2019\/06\/logo-png.png","contentUrl":"https:\/\/clubathletique-saintgirons.fr\/wp-content\/uploads\/2019\/06\/logo-png.png","width":369,"height":369,"caption":"Club athl\u00e9tisque Saint-Girons"},"image":{"@id":"https:\/\/clubathletique-saintgirons.fr\/#\/schema\/logo\/image\/"}}]}},"_links":{"self":[{"href":"https:\/\/clubathletique-saintgirons.fr\/index.php?rest_route=\/wp\/v2\/pages\/726","targetHints":{"allow":["GET"]}}],"collection":[{"href":"https:\/\/clubathletique-saintgirons.fr\/index.php?rest_route=\/wp\/v2\/pages"}],"about":[{"href":"https:\/\/clubathletique-saintgirons.fr\/index.php?rest_route=\/wp\/v2\/types\/page"}],"author":[{"embeddable":true,"href":"https:\/\/clubathletique-saintgirons.fr\/index.php?rest_route=\/wp\/v2\/users\/1"}],"replies":[{"embeddable":true,"href":"https:\/\/clubathletique-saintgirons.fr\/index.php?rest_route=%2Fwp%2Fv2%2Fcomments&post=726"}],"version-history":[{"count":2,"href":"https:\/\/clubathletique-saintgirons.fr\/index.php?rest_route=\/wp\/v2\/pages\/726\/revisions"}],"predecessor-version":[{"id":746,"href":"https:\/\/clubathletique-saintgirons.fr\/index.php?rest_route=\/wp\/v2\/pages\/726\/revisions\/746"}],"wp:attachment":[{"href":"https:\/\/clubathletique-saintgirons.fr\/index.php?rest_route=%2Fwp%2Fv2%2Fmedia&parent=726"}],"curies":[{"name":"wp","href":"https:\/\/api.w.org\/{rel}","templated":true}]}}