{"id":786,"date":"2020-09-01T12:26:21","date_gmt":"2020-09-01T10:26:21","guid":{"rendered":"https:\/\/clubathletique-saintgirons.fr\/?page_id=786"},"modified":"2020-09-01T13:33:32","modified_gmt":"2020-09-01T11:33:32","slug":"le-club-en-images","status":"publish","type":"page","link":"https:\/\/clubathletique-saintgirons.fr\/?page_id=786","title":{"rendered":"Le club en images"},"content":{"rendered":"<p>[et_pb_section fb_built=\u00a0\u00bb1&Prime; _builder_version=\u00a0\u00bb4.5.7&Prime; _module_preset=\u00a0\u00bbdefault\u00a0\u00bb][et_pb_row _builder_version=\u00a0\u00bb4.5.7&Prime; _module_preset=\u00a0\u00bbdefault\u00a0\u00bb][et_pb_column type=\u00a0\u00bb4_4&Prime; _builder_version=\u00a0\u00bb4.5.7&Prime; _module_preset=\u00a0\u00bbdefault\u00a0\u00bb][et_pb_text _builder_version=\u00a0\u00bb4.5.7&Prime; _module_preset=\u00a0\u00bbdefault\u00a0\u00bb]<\/p>\n<h1>Marathon des Oussaill\u00e8s 2018<\/h1>\n<p>[\/et_pb_text][et_pb_gallery gallery_ids=\u00a0\u00bb440,441,439&Prime; _builder_version=\u00a0\u00bb4.5.7&Prime; _module_preset=\u00a0\u00bbdefault\u00a0\u00bb][\/et_pb_gallery][et_pb_text _builder_version=\u00a0\u00bb4.5.7&Prime; _module_preset=\u00a0\u00bbdefault\u00a0\u00bb]<\/p>\n<h1>Championnats de France Master Angers 2018<\/h1>\n<p>[\/et_pb_text][et_pb_gallery gallery_ids=\u00a0\u00bb415,416,417&Prime; _builder_version=\u00a0\u00bb4.5.7&Prime; _module_preset=\u00a0\u00bbdefault\u00a0\u00bb][\/et_pb_gallery][et_pb_text _builder_version=\u00a0\u00bb4.5.7&Prime; _module_preset=\u00a0\u00bbdefault\u00a0\u00bb]<\/p>\n<h1 class=\"entry-title\">Cross demi-finales du National \u00e0 Al\u00e8s 2018<\/h1>\n<p>[\/et_pb_text][et_pb_image src=\u00a0\u00bbhttps:\/\/clubathletique-saintgirons.fr\/wp-content\/uploads\/2018\/04\/Capture-d\u2019e\u0301cran-2018-04-01-a\u0300-10.52.47.png\u00a0\u00bb title_text=\u00a0\u00bbCapture d\u2019e\u0301cran 2018-04-01 a\u0300 10.52.47&Prime; _builder_version=\u00a0\u00bb4.5.7&Prime; _module_preset=\u00a0\u00bbdefault\u00a0\u00bb][\/et_pb_image][et_pb_text _builder_version=\u00a0\u00bb4.5.7&Prime; _module_preset=\u00a0\u00bbdefault\u00a0\u00bb]<\/p>\n<h1>Interclubs 2017<\/h1>\n<p>[\/et_pb_text][et_pb_gallery _builder_version=\u00a0\u00bb4.5.7&Prime; _module_preset=\u00a0\u00bbdefault\u00a0\u00bb gallery_ids=\u00a0\u00bb96&Prime; hover_enabled=\u00a0\u00bb0&Prime;][\/et_pb_gallery][et_pb_video _builder_version=\u00a0\u00bb4.5.7&Prime; _module_preset=\u00a0\u00bbdefault\u00a0\u00bb][\/et_pb_video][et_pb_text _builder_version=\u00a0\u00bb4.5.7&Prime; _module_preset=\u00a0\u00bbdefault\u00a0\u00bb]<\/p>\n<h1>Interclubs 2016<\/h1>\n<p>[\/et_pb_text][et_pb_gallery gallery_ids=\u00a0\u00bb790,791,792&Prime; gallery_orderby=\u00a0\u00bbrand\u00a0\u00bb posts_number=\u00a0\u00bb3&Prime; _builder_version=\u00a0\u00bb4.5.7&Prime; _module_preset=\u00a0\u00bbdefault\u00a0\u00bb][\/et_pb_gallery][\/et_pb_column][\/et_pb_row][\/et_pb_section]<\/p>\n","protected":false},"excerpt":{"rendered":"<p>Marathon des Oussaill\u00e8s 2018Championnats de France Master Angers 2018Cross demi-finales du National \u00e0 Al\u00e8s 2018Interclubs 2017Interclubs 2016<\/p>\n","protected":false},"author":1,"featured_media":0,"parent":0,"menu_order":0,"comment_status":"closed","ping_status":"closed","template":"","meta":{"_et_pb_use_builder":"on","_et_pb_old_content":"","_et_gb_content_width":"","footnotes":""},"class_list":["post-786","page","type-page","status-publish","hentry"],"yoast_head":"<!-- This site is optimized with the Yoast SEO plugin v26.6 - https:\/\/yoast.com\/wordpress\/plugins\/seo\/ -->\n<title>Le club en images - Club Athl\u00e9tique Saint-Girons<\/title>\n<meta name=\"robots\" content=\"index, follow, max-snippet:-1, max-image-preview:large, max-video-preview:-1\" \/>\n<link rel=\"canonical\" href=\"https:\/\/clubathletique-saintgirons.fr\/?page_id=786\" \/>\n<meta property=\"og:locale\" content=\"fr_FR\" \/>\n<meta property=\"og:type\" content=\"article\" \/>\n<meta property=\"og:title\" content=\"Le club en images - Club Athl\u00e9tique Saint-Girons\" \/>\n<meta property=\"og:description\" content=\"Marathon des Oussaill\u00e8s 2018Championnats de France Master Angers 2018Cross demi-finales du National \u00e0 Al\u00e8s 2018Interclubs 2017Interclubs 2016\" \/>\n<meta property=\"og:url\" content=\"https:\/\/clubathletique-saintgirons.fr\/?page_id=786\" \/>\n<meta property=\"og:site_name\" content=\"Club Athl\u00e9tique Saint-Girons\" \/>\n<meta property=\"article:modified_time\" content=\"2020-09-01T11:33:32+00:00\" \/>\n<meta name=\"twitter:card\" content=\"summary_large_image\" \/>\n<meta name=\"twitter:label1\" content=\"Dur\u00e9e de lecture estim\u00e9e\" \/>\n\t<meta name=\"twitter:data1\" content=\"1 minute\" \/>\n<script type=\"application\/ld+json\" class=\"yoast-schema-graph\">{\"@context\":\"https:\/\/schema.org\",\"@graph\":[{\"@type\":\"WebPage\",\"@id\":\"https:\/\/clubathletique-saintgirons.fr\/?page_id=786\",\"url\":\"https:\/\/clubathletique-saintgirons.fr\/?page_id=786\",\"name\":\"Le club en images - Club Athl\u00e9tique Saint-Girons\",\"isPartOf\":{\"@id\":\"https:\/\/clubathletique-saintgirons.fr\/#website\"},\"datePublished\":\"2020-09-01T10:26:21+00:00\",\"dateModified\":\"2020-09-01T11:33:32+00:00\",\"breadcrumb\":{\"@id\":\"https:\/\/clubathletique-saintgirons.fr\/?page_id=786#breadcrumb\"},\"inLanguage\":\"fr-FR\",\"potentialAction\":[{\"@type\":\"ReadAction\",\"target\":[\"https:\/\/clubathletique-saintgirons.fr\/?page_id=786\"]}]},{\"@type\":\"BreadcrumbList\",\"@id\":\"https:\/\/clubathletique-saintgirons.fr\/?page_id=786#breadcrumb\",\"itemListElement\":[{\"@type\":\"ListItem\",\"position\":1,\"name\":\"Accueil\",\"item\":\"https:\/\/clubathletique-saintgirons.fr\/\"},{\"@type\":\"ListItem\",\"position\":2,\"name\":\"Le club en images\"}]},{\"@type\":\"WebSite\",\"@id\":\"https:\/\/clubathletique-saintgirons.fr\/#website\",\"url\":\"https:\/\/clubathletique-saintgirons.fr\/\",\"name\":\"Club Athl\u00e9tique Saint-Girons\",\"description\":\"Ta performance d\u00e9pend de toi, ta place d\u00e9pend des autres ...\",\"publisher\":{\"@id\":\"https:\/\/clubathletique-saintgirons.fr\/#organization\"},\"potentialAction\":[{\"@type\":\"SearchAction\",\"target\":{\"@type\":\"EntryPoint\",\"urlTemplate\":\"https:\/\/clubathletique-saintgirons.fr\/?s={search_term_string}\"},\"query-input\":{\"@type\":\"PropertyValueSpecification\",\"valueRequired\":true,\"valueName\":\"search_term_string\"}}],\"inLanguage\":\"fr-FR\"},{\"@type\":\"Organization\",\"@id\":\"https:\/\/clubathletique-saintgirons.fr\/#organization\",\"name\":\"Club athl\u00e9tisque Saint-Girons\",\"url\":\"https:\/\/clubathletique-saintgirons.fr\/\",\"logo\":{\"@type\":\"ImageObject\",\"inLanguage\":\"fr-FR\",\"@id\":\"https:\/\/clubathletique-saintgirons.fr\/#\/schema\/logo\/image\/\",\"url\":\"https:\/\/clubathletique-saintgirons.fr\/wp-content\/uploads\/2019\/06\/logo-png.png\",\"contentUrl\":\"https:\/\/clubathletique-saintgirons.fr\/wp-content\/uploads\/2019\/06\/logo-png.png\",\"width\":369,\"height\":369,\"caption\":\"Club athl\u00e9tisque Saint-Girons\"},\"image\":{\"@id\":\"https:\/\/clubathletique-saintgirons.fr\/#\/schema\/logo\/image\/\"}}]}<\/script>\n<!-- \/ Yoast SEO plugin. -->","yoast_head_json":{"title":"Le club en images - Club Athl\u00e9tique Saint-Girons","robots":{"index":"index","follow":"follow","max-snippet":"max-snippet:-1","max-image-preview":"max-image-preview:large","max-video-preview":"max-video-preview:-1"},"canonical":"https:\/\/clubathletique-saintgirons.fr\/?page_id=786","og_locale":"fr_FR","og_type":"article","og_title":"Le club en images - Club Athl\u00e9tique Saint-Girons","og_description":"Marathon des Oussaill\u00e8s 2018Championnats de France Master Angers 2018Cross demi-finales du National \u00e0 Al\u00e8s 2018Interclubs 2017Interclubs 2016","og_url":"https:\/\/clubathletique-saintgirons.fr\/?page_id=786","og_site_name":"Club Athl\u00e9tique Saint-Girons","article_modified_time":"2020-09-01T11:33:32+00:00","twitter_card":"summary_large_image","twitter_misc":{"Dur\u00e9e de lecture estim\u00e9e":"1 minute"},"schema":{"@context":"https:\/\/schema.org","@graph":[{"@type":"WebPage","@id":"https:\/\/clubathletique-saintgirons.fr\/?page_id=786","url":"https:\/\/clubathletique-saintgirons.fr\/?page_id=786","name":"Le club en images - Club Athl\u00e9tique Saint-Girons","isPartOf":{"@id":"https:\/\/clubathletique-saintgirons.fr\/#website"},"datePublished":"2020-09-01T10:26:21+00:00","dateModified":"2020-09-01T11:33:32+00:00","breadcrumb":{"@id":"https:\/\/clubathletique-saintgirons.fr\/?page_id=786#breadcrumb"},"inLanguage":"fr-FR","potentialAction":[{"@type":"ReadAction","target":["https:\/\/clubathletique-saintgirons.fr\/?page_id=786"]}]},{"@type":"BreadcrumbList","@id":"https:\/\/clubathletique-saintgirons.fr\/?page_id=786#breadcrumb","itemListElement":[{"@type":"ListItem","position":1,"name":"Accueil","item":"https:\/\/clubathletique-saintgirons.fr\/"},{"@type":"ListItem","position":2,"name":"Le club en images"}]},{"@type":"WebSite","@id":"https:\/\/clubathletique-saintgirons.fr\/#website","url":"https:\/\/clubathletique-saintgirons.fr\/","name":"Club Athl\u00e9tique Saint-Girons","description":"Ta performance d\u00e9pend de toi, ta place d\u00e9pend des autres ...","publisher":{"@id":"https:\/\/clubathletique-saintgirons.fr\/#organization"},"potentialAction":[{"@type":"SearchAction","target":{"@type":"EntryPoint","urlTemplate":"https:\/\/clubathletique-saintgirons.fr\/?s={search_term_string}"},"query-input":{"@type":"PropertyValueSpecification","valueRequired":true,"valueName":"search_term_string"}}],"inLanguage":"fr-FR"},{"@type":"Organization","@id":"https:\/\/clubathletique-saintgirons.fr\/#organization","name":"Club athl\u00e9tisque Saint-Girons","url":"https:\/\/clubathletique-saintgirons.fr\/","logo":{"@type":"ImageObject","inLanguage":"fr-FR","@id":"https:\/\/clubathletique-saintgirons.fr\/#\/schema\/logo\/image\/","url":"https:\/\/clubathletique-saintgirons.fr\/wp-content\/uploads\/2019\/06\/logo-png.png","contentUrl":"https:\/\/clubathletique-saintgirons.fr\/wp-content\/uploads\/2019\/06\/logo-png.png","width":369,"height":369,"caption":"Club athl\u00e9tisque Saint-Girons"},"image":{"@id":"https:\/\/clubathletique-saintgirons.fr\/#\/schema\/logo\/image\/"}}]}},"_links":{"self":[{"href":"https:\/\/clubathletique-saintgirons.fr\/index.php?rest_route=\/wp\/v2\/pages\/786","targetHints":{"allow":["GET"]}}],"collection":[{"href":"https:\/\/clubathletique-saintgirons.fr\/index.php?rest_route=\/wp\/v2\/pages"}],"about":[{"href":"https:\/\/clubathletique-saintgirons.fr\/index.php?rest_route=\/wp\/v2\/types\/page"}],"author":[{"embeddable":true,"href":"https:\/\/clubathletique-saintgirons.fr\/index.php?rest_route=\/wp\/v2\/users\/1"}],"replies":[{"embeddable":true,"href":"https:\/\/clubathletique-saintgirons.fr\/index.php?rest_route=%2Fwp%2Fv2%2Fcomments&post=786"}],"version-history":[{"count":7,"href":"https:\/\/clubathletique-saintgirons.fr\/index.php?rest_route=\/wp\/v2\/pages\/786\/revisions"}],"predecessor-version":[{"id":803,"href":"https:\/\/clubathletique-saintgirons.fr\/index.php?rest_route=\/wp\/v2\/pages\/786\/revisions\/803"}],"wp:attachment":[{"href":"https:\/\/clubathletique-saintgirons.fr\/index.php?rest_route=%2Fwp%2Fv2%2Fmedia&parent=786"}],"curies":[{"name":"wp","href":"https:\/\/api.w.org\/{rel}","templated":true}]}}